{"id":411,"date":"2025-11-10T15:06:41","date_gmt":"2025-11-10T20:06:41","guid":{"rendered":"https:\/\/colegiofaraday.edu.pe\/?page_id=411"},"modified":"2026-02-04T11:07:20","modified_gmt":"2026-02-04T16:07:20","slug":"admision-2026","status":"publish","type":"page","link":"https:\/\/colegiofaraday.edu.pe\/index.php\/admision-2026\/","title":{"rendered":"ADMISI\u00d3N 2026"},"content":{"rendered":"\t\t<div data-elementor-type=\"wp-page\" data-elementor-id=\"411\" class=\"elementor elementor-411\">\n\t\t\t\t\t\t<section class=\"elementor-section elementor-top-section elementor-element elementor-element-ae8cc5c elementor-section-boxed elementor-section-height-default elementor-section-height-default\" data-id=\"ae8cc5c\" data-element_type=\"section\" data-e-type=\"section\">\n\t\t\t\t\t\t<div class=\"elementor-container elementor-column-gap-default\">\n\t\t\t\t\t<div class=\"elementor-column elementor-col-66 elementor-top-column elementor-element elementor-element-9181250\" data-id=\"9181250\" data-element_type=\"column\" data-e-type=\"column\">\n\t\t\t<div class=\"elementor-widget-wrap elementor-element-populated\">\n\t\t\t\t\t\t<div class=\"elementor-element elementor-element-0cfcfd9 elementor-widget elementor-widget-image\" data-id=\"0cfcfd9\" data-element_type=\"widget\" data-e-type=\"widget\" data-widget_type=\"image.default\">\n\t\t\t\t<div class=\"elementor-widget-container\">\n\t\t\t\t\t\t\t\t\t\t\t\t\t\t\t<img fetchpriority=\"high\" decoding=\"async\" width=\"800\" height=\"1000\" src=\"https:\/\/colegiofaraday.edu.pe\/wp-content\/uploads\/2025\/11\/Sonriendo-819x1024.png\" class=\"attachment-large size-large wp-image-427\" alt=\"\" srcset=\"https:\/\/colegiofaraday.edu.pe\/wp-content\/uploads\/2025\/11\/Sonriendo-819x1024.png 819w, https:\/\/colegiofaraday.edu.pe\/wp-content\/uploads\/2025\/11\/Sonriendo-240x300.png 240w, https:\/\/colegiofaraday.edu.pe\/wp-content\/uploads\/2025\/11\/Sonriendo-768x960.png 768w, https:\/\/colegiofaraday.edu.pe\/wp-content\/uploads\/2025\/11\/Sonriendo.png 1229w\" sizes=\"(max-width: 800px) 100vw, 800px\" \/>\t\t\t\t\t\t\t\t\t\t\t\t\t\t\t<\/div>\n\t\t\t\t<\/div>\n\t\t\t\t\t<\/div>\n\t\t<\/div>\n\t\t\t\t<div class=\"elementor-column elementor-col-33 elementor-top-column elementor-element elementor-element-f16646c\" data-id=\"f16646c\" data-element_type=\"column\" data-e-type=\"column\">\n\t\t\t<div class=\"elementor-widget-wrap elementor-element-populated\">\n\t\t\t\t\t\t<div class=\"elementor-element elementor-element-cca8ae4 elementor-widget elementor-widget-heading\" data-id=\"cca8ae4\" data-element_type=\"widget\" data-e-type=\"widget\" data-widget_type=\"heading.default\">\n\t\t\t\t<div class=\"elementor-widget-container\">\n\t\t\t\t\t<h2 class=\"elementor-heading-title elementor-size-default\">Proceso de Admisi\u00f3n 2026<\/h2>\t\t\t\t<\/div>\n\t\t\t\t<\/div>\n\t\t\t\t<div class=\"elementor-element elementor-element-cb56900 elementor-widget elementor-widget-text-editor\" data-id=\"cb56900\" data-element_type=\"widget\" data-e-type=\"widget\" data-widget_type=\"text-editor.default\">\n\t\t\t\t<div class=\"elementor-widget-container\">\n\t\t\t\t\t\t\t\t\t<p>\u2728\ud83d\udcda\u00a0<span style=\"font-size: 15px;\">Educar es sembrar futuro, y el tuyo comienza con una buena elecci\u00f3n \ud83c\udf31\ud83d\udca1<\/span><\/p><p>Forma parte de una comunidad que impulsa el aprendizaje vivencial, la curiosidad y el desarrollo integral de cada estudiante \ud83d\udcab<\/p><p>Para ello descarga la Ficha Integral del postulante y la Declaraci\u00f3n Jurada de Informaci\u00f3n, impr\u00edmelas, llen\u00e1las y ven a inscribirte a:\u00a0<span style=\"font-size: 15px;\">Calle Moral 307, Cercado, Arequipa. Tel\u00e9fonos de c<\/span><span style=\"font-size: 15px;\">ontacto: (054) 397806 \u2013 (054) 777484<\/span><\/p>\t\t\t\t\t\t\t\t<\/div>\n\t\t\t\t<\/div>\n\t\t\t\t<div class=\"elementor-element elementor-element-6027e31 elementor-button-info elementor-align-center elementor-widget elementor-widget-button\" data-id=\"6027e31\" data-element_type=\"widget\" data-e-type=\"widget\" data-widget_type=\"button.default\">\n\t\t\t\t<div class=\"elementor-widget-container\">\n\t\t\t\t\t\t\t\t\t<div class=\"elementor-button-wrapper\">\n\t\t\t\t\t<a class=\"elementor-button elementor-button-link elementor-size-sm\" href=\"https:\/\/colegiofaraday.edu.pe\/wp-content\/uploads\/2025\/11\/FICHA-INTEGRAL-DEL-POSTULANTE.pdf\">\n\t\t\t\t\t\t<span class=\"elementor-button-content-wrapper\">\n\t\t\t\t\t\t\t\t\t<span class=\"elementor-button-text\">Ficha Integral del Postulante<\/span>\n\t\t\t\t\t<\/span>\n\t\t\t\t\t<\/a>\n\t\t\t\t<\/div>\n\t\t\t\t\t\t\t\t<\/div>\n\t\t\t\t<\/div>\n\t\t\t\t<div class=\"elementor-element elementor-element-6a26cdb elementor-button-info elementor-align-center elementor-widget elementor-widget-button\" data-id=\"6a26cdb\" data-element_type=\"widget\" data-e-type=\"widget\" data-widget_type=\"button.default\">\n\t\t\t\t<div class=\"elementor-widget-container\">\n\t\t\t\t\t\t\t\t\t<div class=\"elementor-button-wrapper\">\n\t\t\t\t\t<a class=\"elementor-button elementor-button-link elementor-size-sm\" href=\"https:\/\/colegiofaraday.edu.pe\/wp-content\/uploads\/2026\/02\/DECLARACION-JURADA-DE-INFORMACION-proceso.pdf\">\n\t\t\t\t\t\t<span class=\"elementor-button-content-wrapper\">\n\t\t\t\t\t\t\t\t\t<span class=\"elementor-button-text\">Declaraci\u00f3n Jurada de Informaci\u00f3n<\/span>\n\t\t\t\t\t<\/span>\n\t\t\t\t\t<\/a>\n\t\t\t\t<\/div>\n\t\t\t\t\t\t\t\t<\/div>\n\t\t\t\t<\/div>\n\t\t\t\t\t<\/div>\n\t\t<\/div>\n\t\t\t\t\t<\/div>\n\t\t<\/section>\n\t\t\t\t<\/div>\n\t\t","protected":false},"excerpt":{"rendered":"<p>Proceso de Admisi\u00f3n 2026 \u2728\ud83d\udcda\u00a0Educar es sembrar futuro, y el tuyo comienza con una buena elecci\u00f3n \ud83c\udf31\ud83d\udca1 Forma parte de una comunidad que impulsa el aprendizaje vivencial, la curiosidad y el desarrollo integral de cada estudiante \ud83d\udcab Para ello descarga la Ficha Integral del postulante y la Declaraci\u00f3n Jurada de Informaci\u00f3n, impr\u00edmelas, llen\u00e1las y ven <a class=\"read-more\" href=\"https:\/\/colegiofaraday.edu.pe\/index.php\/admision-2026\/\">Read More<\/a><\/p>\n","protected":false},"author":1,"featured_media":0,"parent":0,"menu_order":0,"comment_status":"closed","ping_status":"closed","template":"elementor_header_footer","meta":{"footnotes":""},"class_list":["post-411","page","type-page","status-publish","hentry"],"_links":{"self":[{"href":"https:\/\/colegiofaraday.edu.pe\/index.php\/wp-json\/wp\/v2\/pages\/411","targetHints":{"allow":["GET"]}}],"collection":[{"href":"https:\/\/colegiofaraday.edu.pe\/index.php\/wp-json\/wp\/v2\/pages"}],"about":[{"href":"https:\/\/colegiofaraday.edu.pe\/index.php\/wp-json\/wp\/v2\/types\/page"}],"author":[{"embeddable":true,"href":"https:\/\/colegiofaraday.edu.pe\/index.php\/wp-json\/wp\/v2\/users\/1"}],"replies":[{"embeddable":true,"href":"https:\/\/colegiofaraday.edu.pe\/index.php\/wp-json\/wp\/v2\/comments?post=411"}],"version-history":[{"count":15,"href":"https:\/\/colegiofaraday.edu.pe\/index.php\/wp-json\/wp\/v2\/pages\/411\/revisions"}],"predecessor-version":[{"id":462,"href":"https:\/\/colegiofaraday.edu.pe\/index.php\/wp-json\/wp\/v2\/pages\/411\/revisions\/462"}],"wp:attachment":[{"href":"https:\/\/colegiofaraday.edu.pe\/index.php\/wp-json\/wp\/v2\/media?parent=411"}],"curies":[{"name":"wp","href":"https:\/\/api.w.org\/{rel}","templated":true}]}}